{"id":3319,"date":"2018-06-30T11:58:19","date_gmt":"2018-06-30T11:58:19","guid":{"rendered":"http:\/\/bomby.themes.tvda.pw\/?page_id=3319"},"modified":"2020-11-24T14:33:01","modified_gmt":"2020-11-24T11:33:01","slug":"home-media-agency","status":"publish","type":"page","link":"https:\/\/www.we24agency.com\/","title":{"rendered":"Anasayfa &#8211; WE&#8217;24 Web Tasar\u0131m &#038; Yaz\u0131l\u0131m Ajans\u0131"},"content":{"rendered":"<section class=\"wpb-content-wrapper\"><p>[vc_row full_width=&#8221;stretch_row_content_no_spaces&#8221; full_height=&#8221;yes&#8221; equal_height=&#8221;yes&#8221; content_placement=&#8221;bottom&#8221; parallax=&#8221;content-moving&#8221; parallax_image=&#8221;4355&#8243; parallax_speed_bg=&#8221;1.4&#8243; p_top=&#8221;0&#8243; m_top=&#8221;0&#8243; m_bottom=&#8221;0&#8243; css=&#8221;.vc_custom_1566906309124{padding-top: 180px !important;padding-bottom: 30px !important;background-color: #111111 !important;}&#8221; el_class=&#8221;parallax-opacity-70&#8243; el_id=&#8221;home&#8221;]\n\t<div class=\"vc_col-sm-12 wpb_column vc_column_container \"  data-wow-delay=\"0ms\">\n\t\t<div class=\"wpb_wrapper\">\n\t\t\t[ivan_title title_tag=&#8221;h1&#8243; template=&#8221;clean-color&#8221; animation_iteration=&#8221;1&#8243; c_id=&#8221;.vc_1566419272944&#8243;]WE&#8217;24[\/ivan_title][ivan_title title_tag=&#8221;h2&#8243; animation_iteration=&#8221;1&#8243; c_id=&#8221;.vc_1606217533533&#8243; title_css=&#8221;color:#ffffff;&#8221; subtitle_css=&#8221;color:#111111;&#8221;]&#8221;YARATICI <span class=\"underline-text-color\">WEB &amp; YAZILIM<\/span> VE E-T\u0130CARET AJANSI. HEM DE <span class=\"underline-text-color2\">iSTANBUL<\/span>&#8216;DA!.&#8221;[\/ivan_title][ivan_button link=&#8221;#about&#8221; border_r=&#8221;circular&#8221; align=&#8221;to-center&#8221; icon_area=&#8221;icon&#8221; ico_family=&#8221;el el-&#8221; animation_iteration=&#8221;1&#8243; template=&#8221;primary-bg&#8221; c_id=&#8221;.vc_1566906334164&#8243; ico=&#8221;angle-down&#8221; el_class=&#8221;scroll-to-content&#8221;][\/ivan_button][vc_empty_space height=&#8221;10px&#8221;]\n\t\t<\/div> <!-- END .wpb_wrapper -->\n\t<\/div> <!-- END  wpb_column vc_column_container  -->\n[\/vc_row][vc_row full_width=&#8221;stretch_row&#8221; gap=&#8221;35&#8243; full_height=&#8221;yes&#8221; parallax=&#8221;content-moving&#8221; parallax_image=&#8221;4364&#8243; m_bottom=&#8221;0&#8243; css=&#8221;.vc_custom_1566906326813{padding-top: 120px !important;padding-bottom: 120px !important;}&#8221; el_id=&#8221;about&#8221;]\n\t<div class=\"vc_col-sm-12 wpb_column vc_column_container \"  data-wow-delay=\"0ms\">\n\t\t<div class=\"wpb_wrapper\">\n\t\t\t[vc_empty_space height=&#8221;40px&#8221;][ivan_title title_tag=&#8221;h1&#8243; animation_iteration=&#8221;1&#8243; c_id=&#8221;.vc_1566420284669&#8243; title_css=&#8221;color:#ffffff;margin-right:20px;&#8221; subtitle_css=&#8221;color:#111111;&#8221;]Biz Kimiz?[\/ivan_title][vc_empty_space height=&#8221;40px&#8221;][vc_column_text c_id=&#8221;.vc_1606217392054&#8243;]<\/p>\n<h3 style=\"text-align: center; color: #212121 !important;\">WE&#8217;24, 2020 y\u0131l\u0131nda 10 y\u0131l\u0131 a\u015fk\u0131n sekt\u00f6r deneyimi ile Larissa Uyar taraf\u0131ndan kuruldu. G\u00fcnden g\u00fcne b\u00fcy\u00fcyen ekibimiz ve artan deneyimimizle \u015firketimiz b\u00fcnyesinde Web Tasar\u0131m ve Yaz\u0131l\u0131m hizmetlerinin yan\u0131nda E-Ticaret sistemleri ba\u015fta olmak \u00fczere, YouTube Y\u00f6netimi, Sosyal Medya Y\u00f6netimi, Kurumsal Kimlik Tasar\u0131m\u0131, Grafik Hizmetleri, Reklam Y\u00f6netimi, Proje Y\u00f6netimi ve Marka Dan\u0131\u015fmanl\u0131\u011f\u0131 hizmetleri vermekteyiz.<\/h3>\n<p>[\/vc_column_text][vc_empty_space height=&#8221;40px&#8221;][ivan_title title_tag=&#8221;h1&#8243; animation_iteration=&#8221;1&#8243; c_id=&#8221;.vc_1566420431325&#8243; title_css=&#8221;color:#ffffff;margin-right:20px;&#8221; subtitle_css=&#8221;color:#111111;&#8221;]WE&#8217;24[\/ivan_title]\n\t\t<\/div> <!-- END .wpb_wrapper -->\n\t<\/div> <!-- END  wpb_column vc_column_container  -->\n[\/vc_row][vc_row full_width=&#8221;stretch_row_content&#8221; gap=&#8221;30&#8243; m_bottom=&#8221;0&#8243; css=&#8221;.vc_custom_1566908027968{padding-top: 150px !important;padding-bottom: 60px !important;background-color: #f6f6f6 !important;}&#8221; el_id=&#8221;aboutusdetails&#8221;]\n\t<div class=\"vc_col-sm-12 vc_col-md-12 wpb_column vc_column_container \"  data-wow-delay=\"0ms\" data-wow-iteration=\"1\" >\n\t\t<div class=\"wpb_wrapper\">\n\t\t\t[ivan_title mark=&#8221;yes&#8221; animation=&#8221;fadeInUp&#8221; animation_iteration=&#8221;1&#8243; c_id=&#8221;.vc_1566915048028&#8243; subtitle_css=&#8221;margin-bottom:30px;&#8221;]Hakk\u0131m\u0131zda[\/ivan_title]\n\t\t<\/div> <!-- END .wpb_wrapper -->\n\t<\/div> <!-- END  wpb_column vc_column_container  -->\n[\/vc_row][vc_row full_width=&#8221;stretch_row&#8221; m_bottom=&#8221;0&#8243; css=&#8221;.vc_custom_1530387594463{padding-bottom: 150px !important;background-color: #f6f6f6 !important;}&#8221;]\n\t<div class=\"vc_col-sm-3 wpb_column vc_column_container  vc_custom_1566903186303\"  data-wow-delay=\"0ms\" data-wow-iteration=\"1\" >\n\t\t<div class=\"wpb_wrapper\">\n\t\t\t[ivan_service heading=&#8221;GEN\u00c7 VE D\u0130NAM\u0130\u011e\u0130Z!&#8221; heading_tag=&#8221;h5&#8243; animation_iteration=&#8221;2&#8243; template=&#8221;light-bg&#8221; c_id=&#8221;.vc_1594817978242&#8243; main_css=&#8221;background-color-hover:#f1f1f1;&#8221; title_css=&#8221;font-size:21px;&#8221; content_css=&#8221;font-size:14px;&#8221; ico=&#8221;shield&#8221;]Gen\u00e7 ve dinamik kadromuzla birlikte, deneyimlerimizi sizlerle payla\u015fmaktan b\u00fcy\u00fck keyif al\u0131yoruz.[\/ivan_service]\n\t\t<\/div> <!-- END .wpb_wrapper -->\n\t<\/div> <!-- END  wpb_column vc_column_container  -->\n\n\t<div class=\"vc_col-sm-3 wpb_column vc_column_container  vc_custom_1566903192073\"  data-wow-delay=\"0ms\" data-wow-iteration=\"1\" >\n\t\t<div class=\"wpb_wrapper\">\n\t\t\t[ivan_service heading=&#8221;STRATEJ\u0130K VE YARATICIYIZ!&#8221; animation_iteration=&#8221;2&#8243; template=&#8221;light-bg&#8221; c_id=&#8221;.vc_1566911423216&#8243; title_css=&#8221;font-size:21px;&#8221; content_css=&#8221;font-size:14px;&#8221; ico=&#8221;plus&#8221;]WE&#8217;24 ekibi olarak \u00f6nceli\u011fimiz sizin ama\u00e7lar\u0131n\u0131z\u0131 ve hedeflerinizi, dijital mecralarda stratejik ve yarat\u0131c\u0131 bir \u015fekilde ger\u00e7e\u011fe d\u00f6n\u00fc\u015ft\u00fcrmek.[\/ivan_service]\n\t\t<\/div> <!-- END .wpb_wrapper -->\n\t<\/div> <!-- END  wpb_column vc_column_container  -->\n\n\t<div class=\"vc_col-sm-3 wpb_column vc_column_container  vc_custom_1566903196534\"  data-wow-delay=\"0ms\" data-wow-iteration=\"1\" >\n\t\t<div class=\"wpb_wrapper\">\n\t\t\t[ivan_service heading=&#8221;G\u00dcNCEL VE YEN\u0130L\u0130K\u00c7\u0130Y\u0130Z!&#8221; animation_iteration=&#8221;2&#8243; template=&#8221;light-bg&#8221; c_id=&#8221;.vc_1566911430230&#8243; title_css=&#8221;font-size:21px;&#8221; content_css=&#8221;font-size:14px;&#8221; ico=&#8221;bell&#8221;]Sosyal medyay\u0131 ve g\u00fcndemi aktif olarak takip eden kadromuzla birlikte kendimizi s\u00fcrekli geli\u015ftirip, g\u00fcncel kalmaya \u00f6zen g\u00f6steriyoruz.[\/ivan_service]\n\t\t<\/div> <!-- END .wpb_wrapper -->\n\t<\/div> <!-- END  wpb_column vc_column_container  -->\n\n\t<div class=\"vc_col-sm-3 wpb_column vc_column_container  vc_custom_1566903201589\"  data-wow-delay=\"0ms\" data-wow-iteration=\"1\" >\n\t\t<div class=\"wpb_wrapper\">\n\t\t\t[ivan_service heading=&#8221;PLANLI VE D\u0130S\u0130PL\u0130NL\u0130Y\u0130Z!&#8221; animation_iteration=&#8221;2&#8243; template=&#8221;light-bg&#8221; c_id=&#8221;.vc_1566911438172&#8243; title_css=&#8221;font-size:21px;&#8221; content_css=&#8221;font-size:14px;&#8221; ico=&#8221;check&#8221;]Markan\u0131z\u0131n gereksinimlerini analiz ediyor ve ihtiyac\u0131n\u0131z olan sosyal medya deste\u011fini d\u00fczenli ve do\u011fru \u00e7al\u0131\u015famalar ile sa\u011fl\u0131yoruz.[\/ivan_service]\n\t\t<\/div> <!-- END .wpb_wrapper -->\n\t<\/div> <!-- END  wpb_column vc_column_container  -->\n[\/vc_row][vc_row gap=&#8221;30&#8243; m_bottom=&#8221;0&#8243; css=&#8221;.vc_custom_1566906378089{padding-top: 150px !important;padding-bottom: 30px !important;}&#8221; el_id=&#8221;brandtestimonials&#8221;]\n\t<div class=\"vc_col-sm-12 wpb_column vc_column_container \"  data-wow-delay=\"0ms\">\n\t\t<div class=\"wpb_wrapper\">\n\t\t\t[ivan_title mark=&#8221;yes&#8221; animation=&#8221;fadeInUp&#8221; animation_iteration=&#8221;1&#8243; c_id=&#8221;.vc_1566915041180&#8243; subtitle_css=&#8221;margin-bottom:30px;&#8221;]Marka Referanslar\u0131m\u0131z[\/ivan_title]\n\t\t<\/div> <!-- END .wpb_wrapper -->\n\t<\/div> <!-- END  wpb_column vc_column_container  -->\n[\/vc_row][vc_row full_width=&#8221;stretch_row_content_no_spaces&#8221; gap=&#8221;30&#8243; m_bottom=&#8221;0&#8243; css=&#8221;.vc_custom_1566429524827{padding-top: 120px !important;padding-bottom: 120px !important;background-image: url(http:\/\/we24agency.com\/wp-content\/uploads\/2019\/08\/image30.jpg?id=4346) !important;background-position: center !important;background-repeat: no-repeat !important;background-size: cover !important;}&#8221;]\n\t<div class=\"vc_col-sm-12 wpb_column vc_column_container \"  data-wow-delay=\"0ms\">\n\t\t<div class=\"wpb_wrapper\">\n\t\t\t[vc_row_inner]\n\t<div class=\"vc_col-sm-4 wpb_column vc_column_container \"  data-wow-delay=\"0ms\">\n\t\t<div class=\"wpb_wrapper\">\n\t\t\t[vc_single_image image=&#8221;4516&#8243; img_size=&#8221;large&#8221; alignment=&#8221;center&#8221; onclick=&#8221;custom_link&#8221; img_link_target=&#8221;_blank&#8221; link=&#8221;https:\/\/www.heliocareturkiye.com\/&#8221;]\n\t\t<\/div> <!-- END .wpb_wrapper -->\n\t<\/div> <!-- END  wpb_column vc_column_container  -->\n\n\t<div class=\"vc_col-sm-4 wpb_column vc_column_container \"  data-wow-delay=\"0ms\">\n\t\t<div class=\"wpb_wrapper\">\n\t\t\t[vc_single_image image=&#8221;4376&#8243; img_size=&#8221;large&#8221; alignment=&#8221;center&#8221; onclick=&#8221;custom_link&#8221; img_link_target=&#8221;_blank&#8221; link=&#8221;https:\/\/www.turuncuhap.com\/&#8221;]\n\t\t<\/div> <!-- END .wpb_wrapper -->\n\t<\/div> <!-- END  wpb_column vc_column_container  -->\n\n\t<div class=\"vc_col-sm-4 wpb_column vc_column_container \"  data-wow-delay=\"0ms\">\n\t\t<div class=\"wpb_wrapper\">\n\t\t\t[vc_single_image image=&#8221;4377&#8243; img_size=&#8221;large&#8221; alignment=&#8221;center&#8221; onclick=&#8221;custom_link&#8221; img_link_target=&#8221;_blank&#8221; link=&#8221;http:\/\/heliocareturkiye.com\/tr\/heliocare-products.php#heliocare360&#8243;]\n\t\t<\/div> <!-- END .wpb_wrapper -->\n\t<\/div> <!-- END  wpb_column vc_column_container  -->\n[\/vc_row_inner][vc_row_inner]\n\t<div class=\"vc_col-sm-4 wpb_column vc_column_container \"  data-wow-delay=\"0ms\">\n\t\t<div class=\"wpb_wrapper\">\n\t\t\t[vc_single_image image=&#8221;4513&#8243; img_size=&#8221;large&#8221; alignment=&#8221;center&#8221; onclick=&#8221;custom_link&#8221; img_link_target=&#8221;_blank&#8221; link=&#8221;https:\/\/www.elmasdolgu.com\/&#8221;]\n\t\t<\/div> <!-- END .wpb_wrapper -->\n\t<\/div> <!-- END  wpb_column vc_column_container  -->\n\n\t<div class=\"vc_col-sm-4 wpb_column vc_column_container \"  data-wow-delay=\"0ms\">\n\t\t<div class=\"wpb_wrapper\">\n\t\t\t[vc_single_image image=&#8221;4514&#8243; img_size=&#8221;large&#8221; alignment=&#8221;center&#8221; onclick=&#8221;custom_link&#8221; img_link_target=&#8221;_blank&#8221; link=&#8221;https:\/\/www.fransizopucugu.net\/&#8221;]\n\t\t<\/div> <!-- END .wpb_wrapper -->\n\t<\/div> <!-- END  wpb_column vc_column_container  -->\n\n\t<div class=\"vc_col-sm-4 wpb_column vc_column_container \"  data-wow-delay=\"0ms\">\n\t\t<div class=\"wpb_wrapper\">\n\t\t\t[vc_single_image image=&#8221;4380&#8243; img_size=&#8221;large&#8221; alignment=&#8221;center&#8221; onclick=&#8221;custom_link&#8221; img_link_target=&#8221;_blank&#8221; link=&#8221;http:\/\/www.stylagedolgu.com\/&#8221;]\n\t\t<\/div> <!-- END .wpb_wrapper -->\n\t<\/div> <!-- END  wpb_column vc_column_container  -->\n[\/vc_row_inner]\n\t\t<\/div> <!-- END .wpb_wrapper -->\n\t<\/div> <!-- END  wpb_column vc_column_container  -->\n[\/vc_row][vc_row gap=&#8221;30&#8243; m_bottom=&#8221;0&#8243; css=&#8221;.vc_custom_1566906400729{padding-top: 150px !important;padding-bottom: 60px !important;}&#8221; el_id=&#8221;artisttestimonials&#8221;]\n\t<div class=\"vc_col-sm-12 wpb_column vc_column_container \"  data-wow-delay=\"0ms\">\n\t\t<div class=\"wpb_wrapper\">\n\t\t\t[ivan_title mark=&#8221;yes&#8221; animation=&#8221;fadeInUp&#8221; animation_iteration=&#8221;1&#8243; c_id=&#8221;.vc_1566915035871&#8243; subtitle_css=&#8221;margin-bottom:30px;&#8221;]Sanat\u00e7\u0131 Referanslar\u0131m\u0131z[\/ivan_title]\n\t\t<\/div> <!-- END .wpb_wrapper -->\n\t<\/div> <!-- END  wpb_column vc_column_container  -->\n[\/vc_row][vc_row full_width=&#8221;stretch_row_content_no_spaces&#8221; content_placement=&#8221;bottom&#8221; parallax=&#8221;content-moving&#8221; m_bottom=&#8221;0&#8243; css=&#8221;.vc_custom_1566429632977{padding-bottom: 50px !important;}&#8221;]\n\t<div class=\"vc_col-sm-3 vc_col-md-3 wpb_column vc_column_container  wow animated fadeInUp vc_custom_1566429566640\"  data-wow-delay=\"0ms\" data-wow-iteration=\"1\" >\n\t\t<div class=\"wpb_wrapper\">\n\t\t\t[vc_hoverbox image=&#8221;4472&#8243; primary_title=&#8221;&#8221; hover_title=&#8221;Akustik Adam&#8221;][\/vc_hoverbox]\n\t\t<\/div> <!-- END .wpb_wrapper -->\n\t<\/div> <!-- END  wpb_column vc_column_container  wow animated fadeInUp -->\n\n\t<div class=\"vc_col-sm-3 vc_col-md-3 wpb_column vc_column_container  wow animated fadeInUp vc_custom_1566429573815\"  data-wow-delay=\"0ms\" data-wow-iteration=\"1\" >\n\t\t<div class=\"wpb_wrapper\">\n\t\t\t[vc_hoverbox image=&#8221;4473&#8243; primary_title=&#8221;&#8221; hover_title=&#8221;Ayn\u0131 G\u00f6\u011f\u00fcn Ezgisi&#8221;][\/vc_hoverbox]\n\t\t<\/div> <!-- END .wpb_wrapper -->\n\t<\/div> <!-- END  wpb_column vc_column_container  wow animated fadeInUp -->\n\n\t<div class=\"vc_col-sm-3 vc_col-md-3 wpb_column vc_column_container  wow animated fadeInUp vc_custom_1566429586319\"  data-wow-delay=\"0ms\" data-wow-iteration=\"1\" >\n\t\t<div class=\"wpb_wrapper\">\n\t\t\t[vc_hoverbox image=&#8221;4474&#8243; primary_title=&#8221;&#8221; hover_title=&#8221;Eda Baba&#8221;][\/vc_hoverbox]\n\t\t<\/div> <!-- END .wpb_wrapper -->\n\t<\/div> <!-- END  wpb_column vc_column_container  wow animated fadeInUp -->\n\n\t<div class=\"vc_col-sm-3 vc_col-md-3 wpb_column vc_column_container  wow animated fadeInUp vc_custom_1566429689257\"  data-wow-delay=\"0ms\" data-wow-iteration=\"1\" >\n\t\t<div class=\"wpb_wrapper\">\n\t\t\t[vc_hoverbox image=&#8221;4475&#8243; primary_title=&#8221;&#8221; hover_title=&#8221;Maral Ataman&#8221;][\/vc_hoverbox]\n\t\t<\/div> <!-- END .wpb_wrapper -->\n\t<\/div> <!-- END  wpb_column vc_column_container  wow animated fadeInUp -->\n[\/vc_row][vc_row full_width=&#8221;stretch_row_content&#8221; gap=&#8221;10&#8243; content_placement=&#8221;middle&#8221; parallax=&#8221;content-moving&#8221; m_bottom=&#8221;0&#8243; css=&#8221;.vc_custom_1566915476792{padding-right: 2% !important;padding-bottom: 120px !important;padding-left: 2% !important;}&#8221;]\n\t<div class=\"vc_col-sm-3 vc_col-md-3 wpb_column vc_column_container  wow animated fadeInUp vc_custom_1566494994636\"  data-wow-delay=\"0ms\" data-wow-iteration=\"1\" >\n\t\t<div class=\"wpb_wrapper\">\n\t\t\t[vc_hoverbox image=&#8221;4476&#8243; primary_title=&#8221;&#8221; hover_title=&#8221;Touche Official&#8221;][\/vc_hoverbox]\n\t\t<\/div> <!-- END .wpb_wrapper -->\n\t<\/div> <!-- END  wpb_column vc_column_container  wow animated fadeInUp -->\n\n\t<div class=\"vc_col-sm-3 vc_col-md-3 wpb_column vc_column_container  wow animated fadeInUp vc_custom_1566495222300\"  data-wow-delay=\"0ms\" data-wow-iteration=\"1\" >\n\t\t<div class=\"wpb_wrapper\">\n\t\t\t[vc_hoverbox image=&#8221;4477&#8243; primary_title=&#8221;&#8221; hover_title=&#8221;\u00dcner Demir&#8221;][\/vc_hoverbox]\n\t\t<\/div> <!-- END .wpb_wrapper -->\n\t<\/div> <!-- END  wpb_column vc_column_container  wow animated fadeInUp -->\n\n\t<div class=\"vc_col-sm-3 vc_col-md-3 wpb_column vc_column_container  wow animated fadeInUp vc_custom_1566912245329\"  data-wow-delay=\"0ms\" data-wow-iteration=\"1\" >\n\t\t<div class=\"wpb_wrapper\">\n\t\t\t[vc_hoverbox image=&#8221;4539&#8243; primary_title=&#8221;&#8221; hover_title=&#8221;G\u00fcney Marlen&#8221;][\/vc_hoverbox]\n\t\t<\/div> <!-- END .wpb_wrapper -->\n\t<\/div> <!-- END  wpb_column vc_column_container  wow animated fadeInUp -->\n\n\t<div class=\"vc_col-sm-3 vc_col-md-3 wpb_column vc_column_container  vc_custom_1566912416731\"  data-wow-delay=\"0ms\" data-wow-iteration=\"1\" >\n\t\t<div class=\"wpb_wrapper\">\n\t\t\t[vc_hoverbox image=&#8221;4478&#8243; primary_title=&#8221;&#8221; hover_title=&#8221;M\u00fcr\u015fide&#8221;][\/vc_hoverbox]\n\t\t<\/div> <!-- END .wpb_wrapper -->\n\t<\/div> <!-- END  wpb_column vc_column_container  -->\n[\/vc_row][vc_row gap=&#8221;30&#8243; m_bottom=&#8221;0&#8243; css=&#8221;.vc_custom_1566915460707{padding-top: 100px !important;padding-bottom: 40px !important;}&#8221; el_id=&#8221;services&#8221;]\n\t<div class=\"vc_col-sm-12 wpb_column vc_column_container \"  data-wow-delay=\"0ms\">\n\t\t<div class=\"wpb_wrapper\">\n\t\t\t[ivan_title mark=&#8221;yes&#8221; animation=&#8221;fadeInUp&#8221; animation_iteration=&#8221;1&#8243; c_id=&#8221;.vc_1566915014668&#8243; subtitle_css=&#8221;margin-bottom:30px;&#8221;]Hizmetlerimiz[\/ivan_title]\n\t\t<\/div> <!-- END .wpb_wrapper -->\n\t<\/div> <!-- END  wpb_column vc_column_container  -->\n[\/vc_row][vc_row full_width=&#8221;stretch_row_content&#8221; gap=&#8221;30&#8243; equal_height=&#8221;yes&#8221; parallax=&#8221;content-moving&#8221; m_bottom=&#8221;0&#8243; css=&#8221;.vc_custom_1566915568517{padding-top: 120px !important;padding-bottom: 120px !important;background-color: #f6f6f6 !important;}&#8221;]\n\t<div class=\"vc_col-sm-6 vc_col-md-6 wpb_column vc_column_container  wow animated fadeInUp vc_custom_1566913640859\"  data-wow-delay=\"0ms\" data-wow-iteration=\"1\" >\n\t\t<div class=\"wpb_wrapper\">\n\t\t\t[ivan_title title_tag=&#8221;h3&#8243; ico_family=&#8221;custom&#8221; mark=&#8221;yes&#8221; animation_iteration=&#8221;1&#8243; c_id=&#8221;.vc_1596910916803&#8243;]WEB YAZILIM VE TASARIM H\u0130ZMETLER\u0130[\/ivan_title][ivan_list style=&#8221;circle&#8221; animation_iteration=&#8221;1&#8243; c_id=&#8221;.vc_1596994233328&#8243;]Modern ve yenilik\u00e7i bir bak\u0131\u015f a\u00e7\u0131s\u0131 ile sat\u0131n alabilece\u011finiz kadar\u0131n\u0131 de\u011fil, markan\u0131z\u0131n ihtiyac\u0131 olan\u0131 sizlere sunuyoruz. Dijital d\u00fcnyaya adapte olman\u0131z\u0131 sa\u011flayan fikirleri sizlerle bulu\u015fturuyor, s\u00fcrekli olarak markan\u0131za \u00f6zel teknik altyap\u0131 ve deste\u011fi sa\u011fl\u0131yoruz.[\/ivan_list][ivan_list style=&#8221;circle&#8221; animation_iteration=&#8221;1&#8243; c_id=&#8221;.vc_1596994245854&#8243;]<\/p>\n<ul>\n<li>Kurumsal web sitesi<\/li>\n<li>E-Ticaret yaz\u0131l\u0131mlar\u0131 ve web sitesi<\/li>\n<li>Sekt\u00f6re \u00f6zel yaz\u0131l\u0131m geli\u015ftirme (Emlak, Ara\u00e7 Kiralama, Doktor, Okul vbz.)<\/li>\n<li>\u0130ste\u011fe \u00f6zel yaz\u0131l\u0131m ve mod\u00fcl \u00e7al\u0131\u015fmalar\u0131<\/li>\n<li>SEO ve SEM \u00e7al\u0131\u015fmalar\u0131<\/li>\n<li>Mobil uyumluluk<\/li>\n<\/ul>\n<p>[\/ivan_list][ivan_title title_tag=&#8221;h3&#8243; ico_family=&#8221;custom&#8221; mark=&#8221;yes&#8221; animation_iteration=&#8221;1&#8243; c_id=&#8221;.vc_1606217230762&#8243;]E-T\u0130CARET YAZILIM VE ENTEGRASYON H\u0130ZMETLER\u0130[\/ivan_title][ivan_list style=&#8221;circle&#8221; animation_iteration=&#8221;1&#8243; c_id=&#8221;.vc_1606217322537&#8243;]E-Ticaret alan\u0131nda ihtiyac\u0131n\u0131za uygun ve tamamen size \u00f6zel yaz\u0131l\u0131m hizmetleri ile \u00e7\u00f6z\u00fcm orta\u011f\u0131n\u0131z oluyor. Ve kulland\u0131\u011f\u0131n\u0131z t\u00fcm hizmetleri tek bir noktada siteniz \u00fczerinden bulut tabanl\u0131 sistemler vas\u0131tas\u0131 ile entegre ederek i\u015f y\u00fck\u00fcn\u00fcz\u00fc azalt\u0131yor, verimlili\u011finizi artt\u0131r\u0131yoruz.[\/ivan_list][ivan_list style=&#8221;circle&#8221; animation_iteration=&#8221;1&#8243; c_id=&#8221;.vc_1606217361339&#8243;]<\/p>\n<ul>\n<li>Kurumsal web sitesi altyap\u0131lar\u0131<\/li>\n<li>E-Ticaret yaz\u0131l\u0131mlar\u0131 ve web sitesi<\/li>\n<li>Sekt\u00f6re \u00f6zel entegrasyon sistemleri<\/li>\n<li>Mobil uyumluluk ve Yaz\u0131l\u0131m hizmetleri<\/li>\n<\/ul>\n<p>[\/ivan_list]\n\t\t<\/div> <!-- END .wpb_wrapper -->\n\t<\/div> <!-- END  wpb_column vc_column_container  wow animated fadeInUp -->\n\n\t<div class=\"vc_col-sm-6 vc_col-md-6 wpb_column vc_column_container  vc_custom_1566913635835\"  data-wow-delay=\"0ms\" data-wow-iteration=\"1\" >\n\t\t<div class=\"wpb_wrapper\">\n\t\t\t[ivan_title title_tag=&#8221;h3&#8243; mark=&#8221;yes&#8221; animation_iteration=&#8221;1&#8243; c_id=&#8221;.vc_1596898844968&#8243;]SOSYAL MEDYA Y\u00d6NET\u0130M\u0130[\/ivan_title][ivan_list style=&#8221;circle&#8221; animation_iteration=&#8221;1&#8243; c_id=&#8221;.vc_1596994131460&#8243;]<strong>Do\u011fru stratejiler ve i\u015fbirlikleri ile sosyal medyadaki g\u00fcc\u00fcn\u00fcz\u00fc belirliyoruz. Kurumsal kimli\u011finize uygun modern payla\u015f\u0131mlar planlayarak uzun vadeli payla\u015f\u0131m plan\u0131n\u0131z\u0131 olu\u015fturuyor, tasarl\u0131yor, ve uygun metinlerle birlikte payla\u015farak, marka ileti\u015fimini y\u00f6netiyoruz.\u00a0 B\u00f6ylelikle dijital d\u00fcnyadaki varl\u0131\u011f\u0131n\u0131za g\u00fc\u00e7 kat\u0131yoruz!<\/strong>[\/ivan_list][ivan_list style=&#8221;circle&#8221; animation_iteration=&#8221;1&#8243; c_id=&#8221;.vc_1596994157230&#8243;]<\/p>\n<ul>\n<li>G\u00f6nderi ve hikaye tasar\u0131mlar\u0131<\/li>\n<li>\u00c7ekili\u015f ve kampanya tasar\u0131mlar\u0131<\/li>\n<li>Reklam ve tan\u0131t\u0131m \u00e7al\u0131\u015fmalar\u0131, b\u00fct\u00e7e y\u00f6netimi \u00e7al\u0131\u015fmalar\u0131<\/li>\n<li>DM ve mesaj kontrol\u00fc<\/li>\n<\/ul>\n<p>[\/ivan_list][ivan_title title_tag=&#8221;h3&#8243; mark=&#8221;yes&#8221; animation_iteration=&#8221;1&#8243; c_id=&#8221;.vc_1596913827390&#8243;]YOUTUBE Y\u00d6NET\u0130M\u0130[\/ivan_title][ivan_list style=&#8221;circle&#8221; animation_iteration=&#8221;1&#8243; c_id=&#8221;.vc_1596994254332&#8243;]<strong>YouTube kanal\u0131n\u0131z\u0131 b\u00fct\u00fcn ayr\u0131nt\u0131lar\u0131yla d\u00fczenliyor, rekabete dayal\u0131 SEO \u00e7al\u0131\u015fmalar\u0131yla YouTube&#8217;da \u00f6ne \u00e7\u0131kman\u0131z\u0131 sa\u011fl\u0131yor, reklam ve b\u00fct\u00e7e y\u00f6netiminizi yap\u0131yor ve videolar\u0131n\u0131zla YouTube&#8217;da fark yaratman\u0131z\u0131 hedefliyoruz!<\/strong>[\/ivan_list][ivan_list style=&#8221;circle&#8221; animation_iteration=&#8221;1&#8243; c_id=&#8221;.vc_1596994264786&#8243;]<\/p>\n<ul>\n<li>Youtube SEO \u00e7al\u0131\u015fmalar\u0131<\/li>\n<li>Rekabete dayal\u0131 SEO \u00e7al\u0131\u015fmalar\u0131<\/li>\n<li>Reklam\/B\u00fct\u00e7e ve Gelir Y\u00f6netimi Kontrol<\/li>\n<li>ContentID ve Hak Talebi Takibi<\/li>\n<li>Trailer, Teaser ve Thumbnail post prod\u00fcksiyon hizmeti<\/li>\n<li>Youtube m\u00fc\u015fterilerimize \u00f6zel \u0130ndirimli Prod\u00fcksiyon ve Post prod\u00fcksiyon hizmetleri<\/li>\n<li>Geni\u015f sanat\u00e7\u0131 a\u011f\u0131m\u0131z ile birlikte kendi kanallar\u0131m\u0131zdan da yararlanabilece\u011finiz avantajlara sahip olabilirsiniz!<\/li>\n<\/ul>\n<p>[\/ivan_list]\n\t\t<\/div> <!-- END .wpb_wrapper -->\n\t<\/div> <!-- END  wpb_column vc_column_container  -->\n[\/vc_row][vc_row full_width=&#8221;stretch_row_content&#8221; gap=&#8221;30&#8243; equal_height=&#8221;yes&#8221; parallax=&#8221;content-moving&#8221; m_bottom=&#8221;0&#8243; css=&#8221;.vc_custom_1566915568517{padding-top: 120px !important;padding-bottom: 120px !important;background-color: #f6f6f6 !important;}&#8221;]\n\t<div class=\"vc_col-sm-12 vc_col-md-12 wpb_column vc_column_container  vc_custom_1566922983236\"  data-wow-delay=\"0ms\" data-wow-iteration=\"1\" >\n\t\t<div class=\"wpb_wrapper\">\n\t\t\t[ivan_title title_tag=&#8221;h3&#8243; mark=&#8221;yes&#8221; animation_iteration=&#8221;1&#8243; c_id=&#8221;.vc_1566923015771&#8243;]\u0130LET\u0130\u015e\u0130M[\/ivan_title][ivan_service heading=&#8221;WE&#8217;24 Agency&#8221; animation_iteration=&#8221;1&#8243; c_id=&#8221;.vc_1596898924956&#8243; ico=&#8221;user&#8221;]<span style=\"text-align: center;\"><strong>Instagram:<\/strong> we24_agency<\/span><br \/>\n<span style=\"text-align: center;\"><strong>Telefon:<\/strong> 0554 213 94 21<br \/>\n<strong>E-Mail:<\/strong> info@we24agency.com<br \/>\n<\/span>[\/ivan_service]\n\t\t<\/div> <!-- END .wpb_wrapper -->\n\t<\/div> <!-- END  wpb_column vc_column_container  -->\n[\/vc_row][vc_row]\n\t<div class=\"vc_col-sm-12 wpb_column vc_column_container \"  data-wow-delay=\"0ms\">\n\t\t<div class=\"wpb_wrapper\">\n\t\t\t[vc_column_text][\/vc_column_text]\n\t\t<\/div> <!-- END .wpb_wrapper -->\n\t<\/div> <!-- END  wpb_column vc_column_container  -->\n[\/vc_row]<\/p>\n<\/section>","protected":false},"excerpt":{"rendered":"<p>[vc_row full_width=&#8221;stretch_row_content_no_spaces&#8221; full_height=&#8221;yes&#8221; equal_height=&#8221;yes&#8221; content_placement=&#8221;bottom&#8221; parallax=&#8221;content-moving&#8221; parallax_image=&#8221;4355&#8243; parallax_speed_bg=&#8221;1.4&#8243; p_top=&#8221;0&#8243; m_top=&#8221;0&#8243; m_bottom=&#8221;0&#8243; css=&#8221;.vc_custom_1566906309124{padding-top: 180px !important;padding-bottom: 30px !important;background-color: #111111 !important;}&#8221; el_class=&#8221;parallax-opacity-70&#8243; el_id=&#8221;home&#8221;][\/vc_row][vc_row full_width=&#8221;stretch_row&#8221; gap=&#8221;35&#8243; full_height=&#8221;yes&#8221; parallax=&#8221;content-moving&#8221; parallax_image=&#8221;4364&#8243; m_bottom=&#8221;0&#8243; css=&#8221;.vc_custom_1566906326813{padding-top: 120px !important;padding-bottom: 120px !important;}&#8221; el_id=&#8221;about&#8221;][\/vc_row][vc_row full_width=&#8221;stretch_row_content&#8221; gap=&#8221;30&#8243; m_bottom=&#8221;0&#8243; css=&#8221;.vc_custom_1566908027968{padding-top: 150px !important;padding-bottom: 60px !important;background-color: #f6f6f6 !important;}&#8221; el_id=&#8221;aboutusdetails&#8221;][\/vc_row][vc_row full_width=&#8221;stretch_row&#8221; m_bottom=&#8221;0&#8243; css=&#8221;.vc_custom_1530387594463{padding-bottom: 150px !important;background-color: #f6f6f6 !important;}&#8221;][\/vc_row][vc_row gap=&#8221;30&#8243; m_bottom=&#8221;0&#8243; css=&#8221;.vc_custom_1566906378089{padding-top: 150px !important;padding-bottom: [&hellip;]<\/p>\n","protected":false},"author":1,"featured_media":0,"parent":0,"menu_order":0,"comment_status":"closed","ping_status":"closed","template":"","meta":[],"aioseo_notices":[],"_links":{"self":[{"href":"https:\/\/www.we24agency.com\/index.php\/wp-json\/wp\/v2\/pages\/3319"}],"collection":[{"href":"https:\/\/www.we24agency.com\/index.php\/wp-json\/wp\/v2\/pages"}],"about":[{"href":"https:\/\/www.we24agency.com\/index.php\/wp-json\/wp\/v2\/types\/page"}],"author":[{"embeddable":true,"href":"https:\/\/www.we24agency.com\/index.php\/wp-json\/wp\/v2\/users\/1"}],"replies":[{"embeddable":true,"href":"https:\/\/www.we24agency.com\/index.php\/wp-json\/wp\/v2\/comments?post=3319"}],"version-history":[{"count":0,"href":"https:\/\/www.we24agency.com\/index.php\/wp-json\/wp\/v2\/pages\/3319\/revisions"}],"wp:attachment":[{"href":"https:\/\/www.we24agency.com\/index.php\/wp-json\/wp\/v2\/media?parent=3319"}],"curies":[{"name":"wp","href":"https:\/\/api.w.org\/{rel}","templated":true}]}}